{"id":2,"date":"2023-11-23T22:04:34","date_gmt":"2023-11-23T22:04:34","guid":{"rendered":"https:\/\/vinos.urbanthreads.es\/?page_id=2"},"modified":"2024-02-26T19:51:50","modified_gmt":"2024-02-26T18:51:50","slug":"sample-page","status":"publish","type":"page","link":"https:\/\/vinos.urbanthreads.es\/","title":{"rendered":"INICIO"},"content":{"rendered":"\n<div class=\"wp-block-uagb-container uagb-block-c6363144 alignfull uagb-is-root-container\">\n<div class=\"wp-block-uagb-advanced-heading uagb-block-907627a8\"><h2 class=\"uagb-heading-text\">Todo tipo de reformas <\/h2><\/div>\n\n\n\n<div class=\"wp-block-uagb-advanced-heading uagb-block-d22af6ff\"><h2 class=\"uagb-heading-text\">Nos adaptamos a cualquier localizacion de la provincia de Burgos <\/h2><\/div>\n<\/div>\n\n\n\n<p class=\"has-black-color has-text-color has-background has-link-color wp-elements-ed1dc6377bec5544c6abfd856bf013f4\" style=\"background:radial-gradient(rgb(238,238,238) 0%,rgb(169,184,195) 100%);font-size:14px;font-style:normal;font-weight:700\">Telefono: 611032037                              Email: p.j.f.reformas@gmsil.com<\/p>\n\n\n\n<div class=\"wp-block-uagb-container uagb-block-3d5a92f0 alignfull uagb-is-root-container\"><div class=\"uagb-container-inner-blocks-wrap\">\n<div class=\"wp-block-uagb-advanced-heading uagb-block-47b5dc8a\"><h2 class=\"uagb-heading-text\">ENCUENTRA LO QUE NECESITAS <\/h2><\/div>\n\n\n\n<div class=\"wp-block-uagb-advanced-heading uagb-block-edc10415\"><h2 class=\"uagb-heading-text\">Pide presupuesto de forma totalmente gratuita para cualquier tipo de reforma tanto interior como exterior <\/h2><\/div>\n\n\n\n<div class=\"wp-block-uagb-container uagb-block-37760f06\">\n<div class=\"wp-block-uagb-container uagb-block-277b8a56\">\n<div class=\"wp-block-uagb-image aligncenter uagb-block-6a1e00a0 wp-block-uagb-image--layout-default wp-block-uagb-image--effect-static wp-block-uagb-image--align-center\"><figure class=\"wp-block-uagb-image__figure\"><img decoding=\"async\" srcset=\"https:\/\/vinos.urbanthreads.es\/wp-content\/uploads\/2024\/02\/1ad676ae15109f85c643b3658294cf83-1.webp ,https:\/\/vinos.urbanthreads.es\/wp-content\/uploads\/2024\/02\/1ad676ae15109f85c643b3658294cf83-1.webp 780w, https:\/\/vinos.urbanthreads.es\/wp-content\/uploads\/2024\/02\/1ad676ae15109f85c643b3658294cf83-1.webp 360w\" sizes=\"auto, (max-width: 480px) 150px\" src=\"https:\/\/vinos.urbanthreads.es\/wp-content\/uploads\/2024\/02\/1ad676ae15109f85c643b3658294cf83-1.webp\" alt=\"\" class=\"uag-image-107\" width=\"675\" height=\"675\" title=\"\" loading=\"lazy\"\/><\/figure><\/div>\n\n\n\n<div class=\"wp-block-uagb-advanced-heading uagb-block-8188efed\"><h2 class=\"uagb-heading-text\">Reformas de exteriores <\/h2><\/div>\n\n\n\n<div class=\"wp-block-uagb-advanced-heading uagb-block-80235ff3\"><p class=\"uagb-heading-text\">Entre en nuestro apartado de \u00abReformas de exteriores\u00bb para as\u00ed poderse informas sobre nuestro m\u00e9todo de trabajo. Nos ocupamos tanto de terrazas, porches y todo tipo de estructuras exteriores o instalaci\u00f3n de sistemas .<\/p><\/div>\n<\/div>\n\n\n\n<div class=\"wp-block-uagb-container uagb-block-465c81b6\">\n<div class=\"wp-block-uagb-image aligncenter uagb-block-d065e67f wp-block-uagb-image--layout-default wp-block-uagb-image--effect-static wp-block-uagb-image--align-center\"><figure class=\"wp-block-uagb-image__figure\"><img decoding=\"async\" srcset=\"https:\/\/vinos.urbanthreads.es\/wp-content\/uploads\/2024\/02\/reformas-integrales-grandes-reformas-y-rehabilitaciones-de-vivienda-en-cantabria.jpg ,https:\/\/vinos.urbanthreads.es\/wp-content\/uploads\/2024\/02\/reformas-integrales-grandes-reformas-y-rehabilitaciones-de-vivienda-en-cantabria.jpg 780w, https:\/\/vinos.urbanthreads.es\/wp-content\/uploads\/2024\/02\/reformas-integrales-grandes-reformas-y-rehabilitaciones-de-vivienda-en-cantabria.jpg 360w\" sizes=\"auto, (max-width: 480px) 150px\" src=\"https:\/\/vinos.urbanthreads.es\/wp-content\/uploads\/2024\/02\/reformas-integrales-grandes-reformas-y-rehabilitaciones-de-vivienda-en-cantabria.jpg\" alt=\"\" class=\"uag-image-103\" width=\"675\" height=\"675\" title=\"\" loading=\"lazy\"\/><\/figure><\/div>\n\n\n\n<div class=\"wp-block-uagb-advanced-heading uagb-block-886739f1\"><h2 class=\"uagb-heading-text\">Reformas de casas<\/h2><\/div>\n\n\n\n<div class=\"wp-block-uagb-advanced-heading uagb-block-d8f14cdc\"><p class=\"uagb-heading-text\">En nuestro apartado correspondiente a este tipo de reformas podr\u00e1 encontrar mas informaci\u00f3n acerca de ello. Nos dedicamos a cualquier tipo de modificaci\u00f3n interna que necesite la vivienda y tambi\u00e9n a la instalaci\u00f3n de todo tipo de escaleras .<\/p><\/div>\n<\/div>\n\n\n\n<div class=\"wp-block-uagb-container uagb-block-bc57e041\">\n<div class=\"wp-block-uagb-image aligncenter uagb-block-c1c14444 wp-block-uagb-image--layout-default wp-block-uagb-image--effect-static wp-block-uagb-image--align-center\"><figure class=\"wp-block-uagb-image__figure\"><img decoding=\"async\" srcset=\"https:\/\/vinos.urbanthreads.es\/wp-content\/uploads\/2024\/02\/Reformas-integrales-de-pisos-en-barcelona_01_1200-1030x726-1.jpg ,https:\/\/vinos.urbanthreads.es\/wp-content\/uploads\/2024\/02\/Reformas-integrales-de-pisos-en-barcelona_01_1200-1030x726-1.jpg 780w, https:\/\/vinos.urbanthreads.es\/wp-content\/uploads\/2024\/02\/Reformas-integrales-de-pisos-en-barcelona_01_1200-1030x726-1.jpg 360w\" sizes=\"auto, (max-width: 480px) 150px\" src=\"https:\/\/vinos.urbanthreads.es\/wp-content\/uploads\/2024\/02\/Reformas-integrales-de-pisos-en-barcelona_01_1200-1030x726-1.jpg\" alt=\"\" class=\"uag-image-102\" width=\"675\" height=\"675\" title=\"\" loading=\"lazy\"\/><\/figure><\/div>\n\n\n\n<div class=\"wp-block-uagb-advanced-heading uagb-block-e8454c87\"><h2 class=\"uagb-heading-text\">Reformas de pisos<\/h2><\/div>\n\n\n\n<div class=\"wp-block-uagb-advanced-heading uagb-block-0ac27b79\"><p class=\"uagb-heading-text\">Tratamos de ser lo mas eficaces posibles a la hora de realizar cualquier tipo de nuestras reformas , y alavez permitiendonos cuidar hasta el ultimo detalle , si quiere ahorrar tanto tiempo como dinero se encuentra en el sitio ideal <\/p><\/div>\n<\/div>\n<\/div>\n\n\n\n<div class=\"wp-block-uagb-container uagb-block-5376a96b alignfull uagb-is-root-container\"><div class=\"uagb-container-inner-blocks-wrap\">\n<p><\/p>\n\n\n\n<p><\/p>\n\n\n\n<div class=\"wp-block-uagb-container uagb-block-cde0d6c5 alignfull uagb-is-root-container\"><div class=\"uagb-container-inner-blocks-wrap\">\n<div class=\"wp-block-uagb-advanced-heading uagb-block-6ee866d7\"><h2 class=\"uagb-heading-text\">Pide presupuesto para tu reforma a coste cero!<\/h2><\/div>\n\n\n\n<p class=\"has-white-color has-text-color has-link-color wp-elements-3228bd3c8c7307284bd2e4d1989c8b55\">A continuaci\u00f3n rellena el formulario correspondiente y danos una peque\u00f1a descripci\u00f3n de los trabajos a realizar, contactaremos con usted v\u00eda Gmail para poder comentarle un presupuesto lo antes posible <\/p>\n\n\n\n<div class=\"wp-block-uagb-buttons uagb-buttons__outer-wrap uagb-btn__default-btn uagb-btn-tablet__default-btn uagb-btn-mobile__default-btn uagb-block-6097ce33\"><div class=\"uagb-buttons__wrap uagb-buttons-layout-wrap\">\n<div class=\"wp-block-uagb-buttons-child uagb-buttons__outer-wrap uagb-block-533b9da0 wp-block-button\"><div class=\"uagb-button__wrapper\"><a class=\"uagb-buttons-repeater wp-block-button__link\" aria-label=\"\" href=\"#\" rel=\"follow noopener\" target=\"_self\"><div class=\"uagb-button__link\">PEDIR PRESUPUESTO <\/div><\/a><\/div><\/div>\n<\/div><\/div>\n<\/div><\/div>\n\n\n\n<div class=\"wp-block-uagb-container uagb-block-83ac55fa alignfull uagb-is-root-container\"><div class=\"uagb-container-inner-blocks-wrap\">\n<div class=\"wp-block-uagb-advanced-heading uagb-block-bc61517b\"><h2 class=\"uagb-heading-text\">Algunas de nuestras reformas <\/h2><\/div>\n\n\n\n<div class=\"wp-block-uagb-container uagb-block-6919720e\">\n<div class=\"wp-block-uagb-container uagb-block-7617351b\">\n<div class=\"wp-block-uagb-image aligncenter uagb-block-077d5297 wp-block-uagb-image--layout-default wp-block-uagb-image--effect-static wp-block-uagb-image--align-center\"><figure class=\"wp-block-uagb-image__figure\"><img decoding=\"async\" srcset=\"https:\/\/vinos.urbanthreads.es\/wp-content\/uploads\/2024\/02\/reformas-de-casas-antes-y-despues-1.jpg ,https:\/\/vinos.urbanthreads.es\/wp-content\/uploads\/2024\/02\/reformas-de-casas-antes-y-despues-1.jpg 780w, https:\/\/vinos.urbanthreads.es\/wp-content\/uploads\/2024\/02\/reformas-de-casas-antes-y-despues-1.jpg 360w\" sizes=\"auto, (max-width: 480px) 150px\" src=\"https:\/\/vinos.urbanthreads.es\/wp-content\/uploads\/2024\/02\/reformas-de-casas-antes-y-despues-1.jpg\" alt=\"\" class=\"uag-image-162\" width=\"675\" height=\"675\" title=\"\" loading=\"lazy\"\/><\/figure><\/div>\n<\/div>\n\n\n\n<div class=\"wp-block-uagb-container uagb-block-20a0c845\">\n<div class=\"wp-block-uagb-image aligncenter uagb-block-e47ac41b wp-block-uagb-image--layout-default wp-block-uagb-image--effect-static wp-block-uagb-image--align-center\"><figure class=\"wp-block-uagb-image__figure\"><img decoding=\"async\" srcset=\"https:\/\/vinos.urbanthreads.es\/wp-content\/uploads\/2024\/02\/reforma-vivienda-unifamiliar-fachada-antes-despues.jpg ,https:\/\/vinos.urbanthreads.es\/wp-content\/uploads\/2024\/02\/reforma-vivienda-unifamiliar-fachada-antes-despues.jpg 780w, https:\/\/vinos.urbanthreads.es\/wp-content\/uploads\/2024\/02\/reforma-vivienda-unifamiliar-fachada-antes-despues.jpg 360w\" sizes=\"auto, (max-width: 480px) 150px\" src=\"https:\/\/vinos.urbanthreads.es\/wp-content\/uploads\/2024\/02\/reforma-vivienda-unifamiliar-fachada-antes-despues.jpg\" alt=\"\" class=\"uag-image-163\" width=\"975\" height=\"511\" title=\"\" loading=\"lazy\"\/><\/figure><\/div>\n<\/div>\n\n\n\n<div class=\"wp-block-uagb-container uagb-block-6704a4e8\">\n<div class=\"wp-block-uagb-image aligncenter uagb-block-542b4f9a wp-block-uagb-image--layout-default wp-block-uagb-image--effect-static wp-block-uagb-image--align-center\"><figure class=\"wp-block-uagb-image__figure\"><img decoding=\"async\" srcset=\"https:\/\/vinos.urbanthreads.es\/wp-content\/uploads\/2024\/02\/01_1-1024x538.jpg ,https:\/\/vinos.urbanthreads.es\/wp-content\/uploads\/2024\/02\/01_1.jpg 780w, https:\/\/vinos.urbanthreads.es\/wp-content\/uploads\/2024\/02\/01_1.jpg 360w\" sizes=\"auto, (max-width: 480px) 150px\" src=\"https:\/\/vinos.urbanthreads.es\/wp-content\/uploads\/2024\/02\/01_1-1024x538.jpg\" alt=\"\" class=\"uag-image-164\" width=\"800\" height=\"420\" title=\"\" loading=\"lazy\"\/><\/figure><\/div>\n<\/div>\n\n\n\n<div class=\"wp-block-uagb-container uagb-block-0781b119\">\n<div class=\"wp-block-uagb-image aligncenter uagb-block-f66c7fe8 wp-block-uagb-image--layout-default wp-block-uagb-image--effect-static wp-block-uagb-image--align-center\"><figure class=\"wp-block-uagb-image__figure\"><img decoding=\"async\" srcset=\"https:\/\/vinos.urbanthreads.es\/wp-content\/uploads\/2024\/02\/reformas-1024x585.jpg ,https:\/\/vinos.urbanthreads.es\/wp-content\/uploads\/2024\/02\/reformas.jpg 780w, https:\/\/vinos.urbanthreads.es\/wp-content\/uploads\/2024\/02\/reformas.jpg 360w\" sizes=\"auto, (max-width: 480px) 150px\" src=\"https:\/\/vinos.urbanthreads.es\/wp-content\/uploads\/2024\/02\/reformas-1024x585.jpg\" alt=\"\" class=\"uag-image-161\" width=\"800\" height=\"457\" title=\"\" loading=\"lazy\"\/><\/figure><\/div>\n<\/div>\n<\/div>\n<\/div><\/div>\n<\/div><\/div>\n<\/div><\/div>\n","protected":false},"excerpt":{"rendered":"<p>Todo tipo de reformas Nos adaptamos a cualquier localizacion de la provincia de Burgos Telefono: 611032037 Email: p.j.f.reformas@gmsil.com ENCUENTRA LO QUE NECESITAS Pide presupuesto de forma totalmente gratuita para cualquier &#8230;<\/p>\n","protected":false},"author":1,"featured_media":73,"parent":0,"menu_order":0,"comment_status":"closed","ping_status":"closed","template":"","meta":{"_uag_custom_page_level_css":"","footnotes":""},"class_list":["post-2","page","type-page","status-publish","has-post-thumbnail","hentry"],"uagb_featured_image_src":{"full":["https:\/\/vinos.urbanthreads.es\/wp-content\/uploads\/2024\/02\/grandsalon-photocredit-vincentleroux-scaled.webp",2560,1440,false],"thumbnail":["https:\/\/vinos.urbanthreads.es\/wp-content\/uploads\/2024\/02\/grandsalon-photocredit-vincentleroux-150x150.webp",150,150,true],"medium":["https:\/\/vinos.urbanthreads.es\/wp-content\/uploads\/2024\/02\/grandsalon-photocredit-vincentleroux-300x169.webp",300,169,true],"medium_large":["https:\/\/vinos.urbanthreads.es\/wp-content\/uploads\/2024\/02\/grandsalon-photocredit-vincentleroux-768x432.webp",768,432,true],"large":["https:\/\/vinos.urbanthreads.es\/wp-content\/uploads\/2024\/02\/grandsalon-photocredit-vincentleroux-1024x576.webp",800,450,true],"1536x1536":["https:\/\/vinos.urbanthreads.es\/wp-content\/uploads\/2024\/02\/grandsalon-photocredit-vincentleroux-1536x864.webp",1536,864,true],"2048x2048":["https:\/\/vinos.urbanthreads.es\/wp-content\/uploads\/2024\/02\/grandsalon-photocredit-vincentleroux-2048x1152.webp",2048,1152,true],"onepress-blog-small":["https:\/\/vinos.urbanthreads.es\/wp-content\/uploads\/2024\/02\/grandsalon-photocredit-vincentleroux-300x150.webp",300,150,true],"onepress-small":["https:\/\/vinos.urbanthreads.es\/wp-content\/uploads\/2024\/02\/grandsalon-photocredit-vincentleroux-480x300.webp",480,300,true],"onepress-medium":["https:\/\/vinos.urbanthreads.es\/wp-content\/uploads\/2024\/02\/grandsalon-photocredit-vincentleroux-640x400.webp",640,400,true]},"uagb_author_info":{"display_name":"admin","author_link":"https:\/\/vinos.urbanthreads.es\/?author=1"},"uagb_comment_info":0,"uagb_excerpt":"Todo tipo de reformas Nos adaptamos a cualquier localizacion de la provincia de Burgos Telefono: 611032037 Email: p.j.f.reformas@gmsil.com ENCUENTRA LO QUE NECESITAS Pide presupuesto de forma totalmente gratuita para cualquier ...","_links":{"self":[{"href":"https:\/\/vinos.urbanthreads.es\/index.php?rest_route=\/wp\/v2\/pages\/2","targetHints":{"allow":["GET"]}}],"collection":[{"href":"https:\/\/vinos.urbanthreads.es\/index.php?rest_route=\/wp\/v2\/pages"}],"about":[{"href":"https:\/\/vinos.urbanthreads.es\/index.php?rest_route=\/wp\/v2\/types\/page"}],"author":[{"embeddable":true,"href":"https:\/\/vinos.urbanthreads.es\/index.php?rest_route=\/wp\/v2\/users\/1"}],"replies":[{"embeddable":true,"href":"https:\/\/vinos.urbanthreads.es\/index.php?rest_route=%2Fwp%2Fv2%2Fcomments&post=2"}],"version-history":[{"count":66,"href":"https:\/\/vinos.urbanthreads.es\/index.php?rest_route=\/wp\/v2\/pages\/2\/revisions"}],"predecessor-version":[{"id":249,"href":"https:\/\/vinos.urbanthreads.es\/index.php?rest_route=\/wp\/v2\/pages\/2\/revisions\/249"}],"wp:featuredmedia":[{"embeddable":true,"href":"https:\/\/vinos.urbanthreads.es\/index.php?rest_route=\/wp\/v2\/media\/73"}],"wp:attachment":[{"href":"https:\/\/vinos.urbanthreads.es\/index.php?rest_route=%2Fwp%2Fv2%2Fmedia&parent=2"}],"curies":[{"name":"wp","href":"https:\/\/api.w.org\/{rel}","templated":true}]}}